{"id":5915,"date":"2025-07-28T17:21:06","date_gmt":"2025-07-28T15:21:06","guid":{"rendered":"https:\/\/roj-auf.de\/?page_id=5915"},"modified":"2025-07-28T17:31:24","modified_gmt":"2025-07-28T15:31:24","slug":"bewerbung","status":"publish","type":"page","link":"https:\/\/roj-auf.de\/en\/bewerbung\/","title":{"rendered":"Send application"},"content":{"rendered":"<div data-elementor-type=\"wp-page\" data-elementor-id=\"5915\" class=\"elementor elementor-5915\" data-elementor-post-type=\"page\">\n\t\t\t\t<div class=\"elementor-element elementor-element-1e4f1cbf e-flex e-con-boxed e-con e-parent\" data-id=\"1e4f1cbf\" data-element_type=\"container\">\n\t\t\t\t\t<div class=\"e-con-inner\">\n\t\t<div class=\"elementor-element elementor-element-715419e3 e-con-full e-flex e-con e-child\" data-id=\"715419e3\" data-element_type=\"container\" data-settings=\"{&quot;background_background&quot;:&quot;classic&quot;}\">\n\t\t<div class=\"elementor-element elementor-element-6f299a35 e-con-full e-flex e-con e-child\" data-id=\"6f299a35\" data-element_type=\"container\">\n\t\t\t\t<div class=\"elementor-element elementor-element-41d0a96a elementor-widget elementor-widget-heading\" data-id=\"41d0a96a\" data-element_type=\"widget\" data-widget_type=\"heading.default\">\n\t\t\t\t<div class=\"elementor-widget-container\">\n\t\t\t\t\t<h3 class=\"elementor-heading-title elementor-size-default\">Fast and uncomplicated<\/h3>\t\t\t\t<\/div>\n\t\t\t\t<\/div>\n\t\t\t\t<div class=\"elementor-element elementor-element-4368b4d6 elementor-widget elementor-widget-heading\" data-id=\"4368b4d6\" data-element_type=\"widget\" data-widget_type=\"heading.default\">\n\t\t\t\t<div class=\"elementor-widget-container\">\n\t\t\t\t\t<h2 class=\"elementor-heading-title elementor-size-default\">Start your career in Germany now!<\/h2>\t\t\t\t<\/div>\n\t\t\t\t<\/div>\n\t\t\t\t<div class=\"elementor-element elementor-element-2d500c35 elementor-widget elementor-widget-heading\" data-id=\"2d500c35\" data-element_type=\"widget\" data-widget_type=\"heading.default\">\n\t\t\t\t<div class=\"elementor-widget-container\">\n\t\t\t\t\t<h4 class=\"elementor-heading-title elementor-size-default\">Send us your application and we will help you find the right job in Germany.\n\n<\/h4>\t\t\t\t<\/div>\n\t\t\t\t<\/div>\n\t\t\t\t<div class=\"elementor-element elementor-element-22a1d496 elementor-widget elementor-widget-text-editor\" data-id=\"22a1d496\" data-element_type=\"widget\" data-widget_type=\"text-editor.default\">\n\t\t\t\t<div class=\"elementor-widget-container\">\n\t\t\t\t\t\t\t\t\t<p>Would you like to work in Germany and are you looking for a suitable position? Simply fill out the following application form and upload your documents. Our team will review your application and get in touch with you as soon as possible. We will support you not only with your job search, but also with the recognition of your qualifications, visa and relocation to Germany.<\/p>\t\t\t\t\t\t\t\t<\/div>\n\t\t\t\t<\/div>\n\t\t\t\t<\/div>\n\t\t<div class=\"elementor-element elementor-element-4b2e814b e-con-full e-flex e-con e-child\" data-id=\"4b2e814b\" data-element_type=\"container\">\n\t\t<div class=\"elementor-element elementor-element-9217ce9 e-con-full e-flex e-con e-child\" data-id=\"9217ce9\" data-element_type=\"container\" data-settings=\"{&quot;background_background&quot;:&quot;classic&quot;}\">\n\t\t\t\t<div class=\"elementor-element elementor-element-1c7891d2 elementor-widget elementor-widget-heading\" data-id=\"1c7891d2\" data-element_type=\"widget\" data-widget_type=\"heading.default\">\n\t\t\t\t<div class=\"elementor-widget-container\">\n\t\t\t\t\t<h3 class=\"elementor-heading-title elementor-size-default\">Send application<\/h3>\t\t\t\t<\/div>\n\t\t\t\t<\/div>\n\t\t\t\t<div class=\"elementor-element elementor-element-5706a291 elementor-widget elementor-widget-text-editor\" data-id=\"5706a291\" data-element_type=\"widget\" data-widget_type=\"text-editor.default\">\n\t\t\t\t<div class=\"elementor-widget-container\">\n\t\t\t\t\t\t\t\t\t<p data-start=\"209\" data-end=\"271\">Fill out the short form and we will get back to you.<\/p>\t\t\t\t\t\t\t\t<\/div>\n\t\t\t\t<\/div>\n\t\t\t\t<div class=\"elementor-element elementor-element-1e3e05c7 elementor-button-align-start elementor-widget elementor-widget-form\" data-id=\"1e3e05c7\" data-element_type=\"widget\" data-settings=\"{&quot;step_next_label&quot;:&quot;N\\u00e4chster&quot;,&quot;step_previous_label&quot;:&quot;Voriger&quot;,&quot;button_width&quot;:&quot;100&quot;,&quot;step_type&quot;:&quot;number_text&quot;,&quot;step_icon_shape&quot;:&quot;circle&quot;}\" data-widget_type=\"form.default\">\n\t\t\t\t<div class=\"elementor-widget-container\">\n\t\t\t\t\t\t\t<form class=\"elementor-form\" method=\"post\" name=\"Neues Formular\" action=\"\">\n\t\t\t<input type=\"hidden\" name=\"post_id\" value=\"5915\"\/>\n\t\t\t<input type=\"hidden\" name=\"form_id\" value=\"1e3e05c7\"\/>\n\t\t\t<input type=\"hidden\" name=\"referer_title\" value=\"roj-auf.de\" \/>\n\n\t\t\t\n\t\t\t<div class=\"elementor-form-fields-wrapper elementor-labels-\">\n\t\t\t\t\t\t\t\t<div class=\"elementor-field-type-text elementor-field-group elementor-column elementor-field-group-field_0dc44f1 elementor-col-100 elementor-field-required\">\n\t\t\t\t\t\t\t\t\t\t\t\t<label for=\"form-field-field_0dc44f1\" class=\"elementor-field-label elementor-screen-only\">\n\t\t\t\t\t\t\t\tWhich offer is the application for?\t\t\t\t\t\t\t<\/label>\n\t\t\t\t\t\t\t\t\t\t\t\t\t\t<input size=\"1\" type=\"text\" name=\"form_fields[field_0dc44f1]\" id=\"form-field-field_0dc44f1\" class=\"elementor-field elementor-size-sm  elementor-field-textual\" placeholder=\"Which offer is the application for?\" required=\"required\">\n\t\t\t\t\t\t\t\t\t\t\t<\/div>\n\t\t\t\t\t\t\t\t<div class=\"elementor-field-type-text elementor-field-group elementor-column elementor-field-group-field_2f5fd45 elementor-col-50 elementor-field-required\">\n\t\t\t\t\t\t\t\t\t\t\t\t<label for=\"form-field-field_2f5fd45\" class=\"elementor-field-label elementor-screen-only\">\n\t\t\t\t\t\t\t\tLanguage school\t\t\t\t\t\t\t<\/label>\n\t\t\t\t\t\t\t\t\t\t\t\t\t\t<input size=\"1\" type=\"text\" name=\"form_fields[field_2f5fd45]\" id=\"form-field-field_2f5fd45\" class=\"elementor-field elementor-size-sm  elementor-field-textual\" placeholder=\"Applying agency\" required=\"required\">\n\t\t\t\t\t\t\t\t\t\t\t<\/div>\n\t\t\t\t\t\t\t\t<div class=\"elementor-field-type-email elementor-field-group elementor-column elementor-field-group-email elementor-col-50 elementor-field-required\">\n\t\t\t\t\t\t\t\t\t\t\t\t<label for=\"form-field-email\" class=\"elementor-field-label elementor-screen-only\">\n\t\t\t\t\t\t\t\te-mail\t\t\t\t\t\t\t<\/label>\n\t\t\t\t\t\t\t\t\t\t\t\t\t\t<input size=\"1\" type=\"email\" name=\"form_fields[email]\" id=\"form-field-email\" class=\"elementor-field elementor-size-sm  elementor-field-textual\" placeholder=\"*E-mail\" required=\"required\">\n\t\t\t\t\t\t\t\t\t\t\t<\/div>\n\t\t\t\t\t\t\t\t<div class=\"elementor-field-type-tel elementor-field-group elementor-column elementor-field-group-field_adbdf86 elementor-col-50 elementor-field-required\">\n\t\t\t\t\t\t\t\t\t\t\t\t<label for=\"form-field-field_adbdf86\" class=\"elementor-field-label elementor-screen-only\">\n\t\t\t\t\t\t\t\tTelephone\t\t\t\t\t\t\t<\/label>\n\t\t\t\t\t\t\t\t<input size=\"1\" type=\"tel\" name=\"form_fields[field_adbdf86]\" id=\"form-field-field_adbdf86\" class=\"elementor-field elementor-size-sm  elementor-field-textual\" placeholder=\"Phone \/ Zalo \/ Whatsapp\" required=\"required\" pattern=\"[0-9()#&amp;+*-=.]+\" title=\"Only numbers and phone characters (#, -, *, etc) are accepted.\">\n\n\t\t\t\t\t\t<\/div>\n\t\t\t\t\t\t\t\t<div class=\"elementor-field-type-select elementor-field-group elementor-column elementor-field-group-field_0c87807 elementor-col-50 elementor-field-required\">\n\t\t\t\t\t\t\t\t\t\t\t\t<label for=\"form-field-field_0c87807\" class=\"elementor-field-label elementor-screen-only\">\n\t\t\t\t\t\t\t\tCurrent whereabouts\t\t\t\t\t\t\t<\/label>\n\t\t\t\t\t\t\t\t<div class=\"elementor-field elementor-select-wrapper remove-before\">\n\t\t\t<div class=\"select-caret-down-wrapper\">\n\t\t\t\t<svg aria-hidden=\"true\" class=\"e-font-icon-svg e-eicon-caret-down\" viewbox=\"0 0 571.4 571.4\" xmlns=\"http:\/\/www.w3.org\/2000\/svg\"><path d=\"M571 393Q571 407 561 418L311 668Q300 679 286 679T261 668L11 418Q0 407 0 393T11 368 36 357H536Q550 357 561 368T571 393Z\"><\/path><\/svg>\t\t\t<\/div>\n\t\t\t<select name=\"form_fields[field_0c87807]\" id=\"form-field-field_0c87807\" class=\"elementor-field-textual elementor-size-sm\" required=\"required\">\n\t\t\t\t\t\t\t\t\t<option value=\"*Aktueller Aufenthaltsort\">*Current whereabouts<\/option>\n\t\t\t\t\t\t\t\t\t<option value=\"Deutschland\">Germany<\/option>\n\t\t\t\t\t\t\t\t\t<option value=\"EU\">EU<\/option>\n\t\t\t\t\t\t\t\t\t<option value=\"Au\u00dferhalb der EU\">Outside the EU<\/option>\n\t\t\t\t\t\t\t<\/select>\n\t\t<\/div>\n\t\t\t\t\t\t<\/div>\n\t\t\t\t\t\t\t\t<div class=\"elementor-field-type-textarea elementor-field-group elementor-column elementor-field-group-message elementor-col-100\">\n\t\t\t\t\t\t\t\t\t\t\t\t<label for=\"form-field-message\" class=\"elementor-field-label elementor-screen-only\">\n\t\t\t\t\t\t\t\tMessage\t\t\t\t\t\t\t<\/label>\n\t\t\t\t\t\t<textarea class=\"elementor-field-textual elementor-field  elementor-size-sm\" name=\"form_fields[message]\" id=\"form-field-message\" rows=\"4\" placeholder=\"Which offer is the application for?\"><\/textarea>\t\t\t\t<\/div>\n\t\t\t\t\t\t\t\t<div class=\"elementor-field-type-upload elementor-field-group elementor-column elementor-field-group-field_b596dfe elementor-col-100 elementor-field-required\">\n\t\t\t\t\t\t\t\t\t\t\t\t<label for=\"form-field-field_b596dfe\" class=\"elementor-field-label elementor-screen-only\">\n\t\t\t\t\t\t\t\tNotes\t\t\t\t\t\t\t<\/label>\n\t\t\t\t\t\t\t\t<input type=\"file\" name=\"form_fields[field_b596dfe][]\" id=\"form-field-field_b596dfe\" class=\"elementor-field elementor-size-sm  elementor-upload-field\" required=\"required\" multiple=\"multiple\" data-maxsize=\"10\" data-maxsize-message=\"This file exceeds the maximum allowed size.\">\n\n\t\t\t\t\t\t<\/div>\n\t\t\t\t\t\t\t\t<div class=\"elementor-field-type-acceptance elementor-field-group elementor-column elementor-field-group-field_b25d16a elementor-col-100 elementor-field-required\">\n\t\t\t\t\t\t\t\t\t\t\t\t<label for=\"form-field-field_b25d16a\" class=\"elementor-field-label elementor-screen-only\">\n\t\t\t\t\t\t\t\tData protection\t\t\t\t\t\t\t<\/label>\n\t\t\t\t\t\t\t\t<div class=\"elementor-field-subgroup\">\n\t\t\t<span class=\"elementor-field-option\">\n\t\t\t\t<input type=\"checkbox\" name=\"form_fields[field_b25d16a]\" id=\"form-field-field_b25d16a\" class=\"elementor-field elementor-size-sm  elementor-acceptance-field\" required=\"required\">\n\t\t\t\t<label for=\"form-field-field_b25d16a\"><b><a href=\"https:\/\/roj-auf.de\/en\/datenschutz\/\">*Data protection<\/a><\/b> <br>\nI consent to the processing of my personal data and to being contacted by telephone and\/or e-mail.<\/label>\t\t\t<\/span>\n\t\t<\/div>\n\t\t\t\t\t\t<\/div>\n\t\t\t\t\t\t\t\t<div class=\"elementor-field-group elementor-column elementor-field-type-submit elementor-col-100 e-form__buttons\">\n\t\t\t\t\t<button class=\"elementor-button elementor-size-sm\" type=\"submit\">\n\t\t\t\t\t\t<span class=\"elementor-button-content-wrapper\">\n\t\t\t\t\t\t\t\t\t\t\t\t\t\t\t\t\t\t\t\t\t\t<span class=\"elementor-button-text\">Send<\/span>\n\t\t\t\t\t\t\t\t\t\t\t\t\t<\/span>\n\t\t\t\t\t<\/button>\n\t\t\t\t<\/div>\n\t\t\t<\/div>\n\t\t<label id=\"apbct_label_id_13356\" class=\"apbct_special_field\"><input\n                    class=\"apbct_special_field apbct__email_id__elementor_form\"\n                    name=\"apbct_email_id__elementor_form\"\n                    type=\"text\" size=\"30\" maxlength=\"200\" autocomplete=\"off\"\n                    value=\"\"\n                \/><\/label><input type=\"hidden\" name=\"trp-form-language\" value=\"en\"\/><\/form>\n\t\t\t\t\t\t<\/div>\n\t\t\t\t<\/div>\n\t\t\t\t<div class=\"elementor-element elementor-element-75cceb2 elementor-widget elementor-widget-text-editor\" data-id=\"75cceb2\" data-element_type=\"widget\" data-widget_type=\"text-editor.default\">\n\t\t\t\t<div class=\"elementor-widget-container\">\n\t\t\t\t\t\t\t\t\t<p data-start=\"209\" data-end=\"271\">* Mandatory fields<\/p>\t\t\t\t\t\t\t\t<\/div>\n\t\t\t\t<\/div>\n\t\t\t\t<\/div>\n\t\t\t\t<\/div>\n\t\t\t\t<\/div>\n\t\t\t\t\t<\/div>\n\t\t\t\t<\/div>\n\t\t\t\t<\/div>","protected":false},"excerpt":{"rendered":"<p>Schnell und unkompliziert Jetzt Karriere in Deutschland starten! Sende uns deine Bewerbung und wir helfen dir, den passenden Job in Deutschland zu finden. M\u00f6chtest du in Deutschland arbeiten und suchst nach einer passenden Stelle? F\u00fclle einfach das folgende Bewerbungsformular aus und lade deine Unterlagen hoch. Unser Team pr\u00fcft deine Bewerbung und setzt sich schnellstm\u00f6glich mit [&hellip;]<\/p>","protected":false},"author":2,"featured_media":0,"parent":0,"menu_order":0,"comment_status":"closed","ping_status":"closed","template":"","meta":{"footnotes":""},"class_list":["post-5915","page","type-page","status-publish","hentry"],"yoast_head":"<!-- This site is optimized with the Yoast SEO Premium plugin v25.6 (Yoast SEO v25.7) - https:\/\/yoast.com\/wordpress\/plugins\/seo\/ -->\n<title>Bewerbung senden - roj-auf.de<\/title>\n<meta name=\"robots\" content=\"index, nofollow, max-snippet:-1, max-image-preview:large, max-video-preview:-1\" \/>\n<link rel=\"canonical\" href=\"https:\/\/roj-auf.de\/en\/bewerbung\/\" \/>\n<meta property=\"og:locale\" content=\"en_US\" \/>\n<meta property=\"og:type\" content=\"article\" \/>\n<meta property=\"og:title\" content=\"Bewerbung senden\" \/>\n<meta property=\"og:description\" content=\"Schnell und unkompliziert Jetzt Karriere in Deutschland starten! Sende uns deine Bewerbung und wir helfen dir, den passenden Job in Deutschland zu finden. M\u00f6chtest du in Deutschland arbeiten und suchst nach einer passenden Stelle? F\u00fclle einfach das folgende Bewerbungsformular aus und lade deine Unterlagen hoch. Unser Team pr\u00fcft deine Bewerbung und setzt sich schnellstm\u00f6glich mit [&hellip;]\" \/>\n<meta property=\"og:url\" content=\"https:\/\/roj-auf.de\/en\/bewerbung\/\" \/>\n<meta property=\"og:site_name\" content=\"roj-auf.de\" \/>\n<meta property=\"article:publisher\" content=\"https:\/\/www.facebook.com\/RojAuf13\/\" \/>\n<meta property=\"article:modified_time\" content=\"2025-07-28T15:31:24+00:00\" \/>\n<meta name=\"twitter:card\" content=\"summary_large_image\" \/>\n<meta name=\"twitter:label1\" content=\"Est. reading time\" \/>\n\t<meta name=\"twitter:data1\" content=\"1 minute\" \/>\n<script type=\"application\/ld+json\" class=\"yoast-schema-graph\">{\"@context\":\"https:\/\/schema.org\",\"@graph\":[{\"@type\":\"WebPage\",\"@id\":\"https:\/\/roj-auf.de\/bewerbung\/\",\"url\":\"https:\/\/roj-auf.de\/bewerbung\/\",\"name\":\"Bewerbung senden - roj-auf.de\",\"isPartOf\":{\"@id\":\"https:\/\/roj-auf.de\/#website\"},\"datePublished\":\"2025-07-28T15:21:06+00:00\",\"dateModified\":\"2025-07-28T15:31:24+00:00\",\"breadcrumb\":{\"@id\":\"https:\/\/roj-auf.de\/bewerbung\/#breadcrumb\"},\"inLanguage\":\"en-US\",\"potentialAction\":[{\"@type\":\"ReadAction\",\"target\":[\"https:\/\/roj-auf.de\/bewerbung\/\"]}]},{\"@type\":\"BreadcrumbList\",\"@id\":\"https:\/\/roj-auf.de\/bewerbung\/#breadcrumb\",\"itemListElement\":[{\"@type\":\"ListItem\",\"position\":1,\"name\":\"Startseite\",\"item\":\"https:\/\/roj-auf.de\/\"},{\"@type\":\"ListItem\",\"position\":2,\"name\":\"Bewerbung senden\"}]},{\"@type\":\"WebSite\",\"@id\":\"https:\/\/roj-auf.de\/#website\",\"url\":\"https:\/\/roj-auf.de\/\",\"name\":\"Roj Auf\",\"description\":\"Partner f\u00fcr internationale Fach- und Nachwuchskr\u00e4fte\",\"potentialAction\":[{\"@type\":\"SearchAction\",\"target\":{\"@type\":\"EntryPoint\",\"urlTemplate\":\"https:\/\/roj-auf.de\/?s={search_term_string}\"},\"query-input\":{\"@type\":\"PropertyValueSpecification\",\"valueRequired\":true,\"valueName\":\"search_term_string\"}}],\"inLanguage\":\"en-US\"}]}<\/script>\n<!-- \/ Yoast SEO Premium plugin. -->","yoast_head_json":{"title":"Bewerbung senden - roj-auf.de","robots":{"index":"index","follow":"nofollow","max-snippet":"max-snippet:-1","max-image-preview":"max-image-preview:large","max-video-preview":"max-video-preview:-1"},"canonical":"https:\/\/roj-auf.de\/en\/bewerbung\/","og_locale":"en_US","og_type":"article","og_title":"Bewerbung senden","og_description":"Schnell und unkompliziert Jetzt Karriere in Deutschland starten! Sende uns deine Bewerbung und wir helfen dir, den passenden Job in Deutschland zu finden. M\u00f6chtest du in Deutschland arbeiten und suchst nach einer passenden Stelle? F\u00fclle einfach das folgende Bewerbungsformular aus und lade deine Unterlagen hoch. Unser Team pr\u00fcft deine Bewerbung und setzt sich schnellstm\u00f6glich mit [&hellip;]","og_url":"https:\/\/roj-auf.de\/en\/bewerbung\/","og_site_name":"roj-auf.de","article_publisher":"https:\/\/www.facebook.com\/RojAuf13\/","article_modified_time":"2025-07-28T15:31:24+00:00","twitter_card":"summary_large_image","twitter_misc":{"Est. reading time":"1 minute"},"schema":{"@context":"https:\/\/schema.org","@graph":[{"@type":"WebPage","@id":"https:\/\/roj-auf.de\/bewerbung\/","url":"https:\/\/roj-auf.de\/bewerbung\/","name":"Bewerbung senden - roj-auf.de","isPartOf":{"@id":"https:\/\/roj-auf.de\/#website"},"datePublished":"2025-07-28T15:21:06+00:00","dateModified":"2025-07-28T15:31:24+00:00","breadcrumb":{"@id":"https:\/\/roj-auf.de\/bewerbung\/#breadcrumb"},"inLanguage":"en-US","potentialAction":[{"@type":"ReadAction","target":["https:\/\/roj-auf.de\/bewerbung\/"]}]},{"@type":"BreadcrumbList","@id":"https:\/\/roj-auf.de\/bewerbung\/#breadcrumb","itemListElement":[{"@type":"ListItem","position":1,"name":"Startseite","item":"https:\/\/roj-auf.de\/"},{"@type":"ListItem","position":2,"name":"Bewerbung senden"}]},{"@type":"WebSite","@id":"https:\/\/roj-auf.de\/#website","url":"https:\/\/roj-auf.de\/","name":"Roj Up","description":"Partner for international specialists and junior staff","potentialAction":[{"@type":"SearchAction","target":{"@type":"EntryPoint","urlTemplate":"https:\/\/roj-auf.de\/?s={search_term_string}"},"query-input":{"@type":"PropertyValueSpecification","valueRequired":true,"valueName":"search_term_string"}}],"inLanguage":"en-US"}]}},"_links":{"self":[{"href":"https:\/\/roj-auf.de\/en\/wp-json\/wp\/v2\/pages\/5915","targetHints":{"allow":["GET"]}}],"collection":[{"href":"https:\/\/roj-auf.de\/en\/wp-json\/wp\/v2\/pages"}],"about":[{"href":"https:\/\/roj-auf.de\/en\/wp-json\/wp\/v2\/types\/page"}],"author":[{"embeddable":true,"href":"https:\/\/roj-auf.de\/en\/wp-json\/wp\/v2\/users\/2"}],"replies":[{"embeddable":true,"href":"https:\/\/roj-auf.de\/en\/wp-json\/wp\/v2\/comments?post=5915"}],"version-history":[{"count":15,"href":"https:\/\/roj-auf.de\/en\/wp-json\/wp\/v2\/pages\/5915\/revisions"}],"predecessor-version":[{"id":5930,"href":"https:\/\/roj-auf.de\/en\/wp-json\/wp\/v2\/pages\/5915\/revisions\/5930"}],"wp:attachment":[{"href":"https:\/\/roj-auf.de\/en\/wp-json\/wp\/v2\/media?parent=5915"}],"curies":[{"name":"wp","href":"https:\/\/api.w.org\/{rel}","templated":true}]}}