{"id":5915,"date":"2025-07-28T17:21:06","date_gmt":"2025-07-28T15:21:06","guid":{"rendered":"https:\/\/roj-auf.de\/?page_id=5915"},"modified":"2025-07-28T17:31:24","modified_gmt":"2025-07-28T15:31:24","slug":"bewerbung","status":"publish","type":"page","link":"https:\/\/roj-auf.de\/vi\/bewerbung\/","title":{"rendered":"G\u1eedi \u0111\u01a1n xin vi\u1ec7c"},"content":{"rendered":"<div data-elementor-type=\"wp-page\" data-elementor-id=\"5915\" class=\"elementor elementor-5915\" data-elementor-post-type=\"page\">\n\t\t\t\t<div class=\"elementor-element elementor-element-1e4f1cbf e-flex e-con-boxed e-con e-parent\" data-id=\"1e4f1cbf\" data-element_type=\"container\">\n\t\t\t\t\t<div class=\"e-con-inner\">\n\t\t<div class=\"elementor-element elementor-element-715419e3 e-con-full e-flex e-con e-child\" data-id=\"715419e3\" data-element_type=\"container\" data-settings=\"{&quot;background_background&quot;:&quot;classic&quot;}\">\n\t\t<div class=\"elementor-element elementor-element-6f299a35 e-con-full e-flex e-con e-child\" data-id=\"6f299a35\" data-element_type=\"container\">\n\t\t\t\t<div class=\"elementor-element elementor-element-41d0a96a elementor-widget elementor-widget-heading\" data-id=\"41d0a96a\" data-element_type=\"widget\" data-widget_type=\"heading.default\">\n\t\t\t\t<div class=\"elementor-widget-container\">\n\t\t\t\t\t<h3 class=\"elementor-heading-title elementor-size-default\">Nhanh ch\u00f3ng v\u00e0 \u0111\u01a1n gi\u1ea3n<\/h3>\t\t\t\t<\/div>\n\t\t\t\t<\/div>\n\t\t\t\t<div class=\"elementor-element elementor-element-4368b4d6 elementor-widget elementor-widget-heading\" data-id=\"4368b4d6\" data-element_type=\"widget\" data-widget_type=\"heading.default\">\n\t\t\t\t<div class=\"elementor-widget-container\">\n\t\t\t\t\t<h2 class=\"elementor-heading-title elementor-size-default\">B\u1eaft \u0111\u1ea7u s\u1ef1 nghi\u1ec7p c\u1ee7a b\u1ea1n t\u1ea1i \u0110\u1ee9c ngay b\u00e2y gi\u1edd!<\/h2>\t\t\t\t<\/div>\n\t\t\t\t<\/div>\n\t\t\t\t<div class=\"elementor-element elementor-element-2d500c35 elementor-widget elementor-widget-heading\" data-id=\"2d500c35\" data-element_type=\"widget\" data-widget_type=\"heading.default\">\n\t\t\t\t<div class=\"elementor-widget-container\">\n\t\t\t\t\t<h4 class=\"elementor-heading-title elementor-size-default\">G\u1eedi \u0111\u01a1n xin vi\u1ec7c cho ch\u00fang t\u00f4i v\u00e0 ch\u00fang t\u00f4i s\u1ebd gi\u00fap b\u1ea1n t\u00ecm \u0111\u01b0\u1ee3c c\u00f4ng vi\u1ec7c ph\u00f9 h\u1ee3p t\u1ea1i \u0110\u1ee9c.\n\n<\/h4>\t\t\t\t<\/div>\n\t\t\t\t<\/div>\n\t\t\t\t<div class=\"elementor-element elementor-element-22a1d496 elementor-widget elementor-widget-text-editor\" data-id=\"22a1d496\" data-element_type=\"widget\" data-widget_type=\"text-editor.default\">\n\t\t\t\t<div class=\"elementor-widget-container\">\n\t\t\t\t\t\t\t\t\t<p>B\u1ea1n mu\u1ed1n l\u00e0m vi\u1ec7c t\u1ea1i \u0110\u1ee9c v\u00e0 \u0111ang t\u00ecm ki\u1ebfm m\u1ed9t v\u1ecb tr\u00ed ph\u00f9 h\u1ee3p? Ch\u1ec9 c\u1ea7n \u0111i\u1ec1n v\u00e0o m\u1eabu \u0111\u01a1n xin vi\u1ec7c sau v\u00e0 t\u1ea3i l\u00ean c\u00e1c t\u00e0i li\u1ec7u c\u1ee7a b\u1ea1n. Nh\u00f3m c\u1ee7a ch\u00fang t\u00f4i s\u1ebd xem x\u00e9t \u0111\u01a1n xin vi\u1ec7c c\u1ee7a b\u1ea1n v\u00e0 li\u00ean h\u1ec7 v\u1edbi b\u1ea1n s\u1edbm nh\u1ea5t c\u00f3 th\u1ec3. Ch\u00fang t\u00f4i s\u1ebd h\u1ed7 tr\u1ee3 b\u1ea1n kh\u00f4ng ch\u1ec9 trong qu\u00e1 tr\u00ecnh t\u00ecm ki\u1ebfm vi\u1ec7c l\u00e0m m\u00e0 c\u00f2n trong vi\u1ec7c c\u00f4ng nh\u1eadn tr\u00ecnh \u0111\u1ed9, \u0111\u01a1n xin th\u1ecb th\u1ef1c v\u00e0 chuy\u1ec3n \u0111\u1ebfn \u0110\u1ee9c.<\/p>\t\t\t\t\t\t\t\t<\/div>\n\t\t\t\t<\/div>\n\t\t\t\t<\/div>\n\t\t<div class=\"elementor-element elementor-element-4b2e814b e-con-full e-flex e-con e-child\" data-id=\"4b2e814b\" data-element_type=\"container\">\n\t\t<div class=\"elementor-element elementor-element-9217ce9 e-con-full e-flex e-con e-child\" data-id=\"9217ce9\" data-element_type=\"container\" data-settings=\"{&quot;background_background&quot;:&quot;classic&quot;}\">\n\t\t\t\t<div class=\"elementor-element elementor-element-1c7891d2 elementor-widget elementor-widget-heading\" data-id=\"1c7891d2\" data-element_type=\"widget\" data-widget_type=\"heading.default\">\n\t\t\t\t<div class=\"elementor-widget-container\">\n\t\t\t\t\t<h3 class=\"elementor-heading-title elementor-size-default\">G\u1eedi \u0111\u01a1n xin vi\u1ec7c<\/h3>\t\t\t\t<\/div>\n\t\t\t\t<\/div>\n\t\t\t\t<div class=\"elementor-element elementor-element-5706a291 elementor-widget elementor-widget-text-editor\" data-id=\"5706a291\" data-element_type=\"widget\" data-widget_type=\"text-editor.default\">\n\t\t\t\t<div class=\"elementor-widget-container\">\n\t\t\t\t\t\t\t\t\t<p data-start=\"209\" data-end=\"271\">H\u00e3y \u0111i\u1ec1n v\u00e0o m\u1eabu \u0111\u01a1n ng\u1eafn v\u00e0 ch\u00fang t\u00f4i s\u1ebd li\u00ean l\u1ea1c v\u1edbi b\u1ea1n.<\/p>\t\t\t\t\t\t\t\t<\/div>\n\t\t\t\t<\/div>\n\t\t\t\t<div class=\"elementor-element elementor-element-1e3e05c7 elementor-button-align-start elementor-widget elementor-widget-form\" data-id=\"1e3e05c7\" data-element_type=\"widget\" data-settings=\"{&quot;step_next_label&quot;:&quot;N\\u00e4chster&quot;,&quot;step_previous_label&quot;:&quot;Voriger&quot;,&quot;button_width&quot;:&quot;100&quot;,&quot;step_type&quot;:&quot;number_text&quot;,&quot;step_icon_shape&quot;:&quot;circle&quot;}\" data-widget_type=\"form.default\">\n\t\t\t\t<div class=\"elementor-widget-container\">\n\t\t\t\t\t\t\t<form class=\"elementor-form\" method=\"post\" name=\"Neues Formular\" action=\"\">\n\t\t\t<input type=\"hidden\" name=\"post_id\" value=\"5915\"\/>\n\t\t\t<input type=\"hidden\" name=\"form_id\" value=\"1e3e05c7\"\/>\n\t\t\t<input type=\"hidden\" name=\"referer_title\" value=\"roj-auf.de\" \/>\n\n\t\t\t\n\t\t\t<div class=\"elementor-form-fields-wrapper elementor-labels-\">\n\t\t\t\t\t\t\t\t<div class=\"elementor-field-type-text elementor-field-group elementor-column elementor-field-group-field_0dc44f1 elementor-col-100 elementor-field-required\">\n\t\t\t\t\t\t\t\t\t\t\t\t<label for=\"form-field-field_0dc44f1\" class=\"elementor-field-label elementor-screen-only\">\n\t\t\t\t\t\t\t\t\u1ee8ng d\u1ee5ng n\u00e0y d\u00e0nh cho \u01b0u \u0111\u00e3i n\u00e0o?\t\t\t\t\t\t\t<\/label>\n\t\t\t\t\t\t\t\t\t\t\t\t\t\t<input size=\"1\" type=\"text\" name=\"form_fields[field_0dc44f1]\" id=\"form-field-field_0dc44f1\" class=\"elementor-field elementor-size-sm  elementor-field-textual\" placeholder=\"\u1ee8ng d\u1ee5ng n\u00e0y d\u00e0nh cho \u01b0u \u0111\u00e3i n\u00e0o?\" required=\"required\">\n\t\t\t\t\t\t\t\t\t\t\t<\/div>\n\t\t\t\t\t\t\t\t<div class=\"elementor-field-type-text elementor-field-group elementor-column elementor-field-group-field_2f5fd45 elementor-col-50 elementor-field-required\">\n\t\t\t\t\t\t\t\t\t\t\t\t<label for=\"form-field-field_2f5fd45\" class=\"elementor-field-label elementor-screen-only\">\n\t\t\t\t\t\t\t\ttr\u01b0\u1eddng ng\u00f4n ng\u1eef\t\t\t\t\t\t\t<\/label>\n\t\t\t\t\t\t\t\t\t\t\t\t\t\t<input size=\"1\" type=\"text\" name=\"form_fields[field_2f5fd45]\" id=\"form-field-field_2f5fd45\" class=\"elementor-field elementor-size-sm  elementor-field-textual\" placeholder=\"C\u01a1 quan n\u1ed9p \u0111\u01a1n\" required=\"required\">\n\t\t\t\t\t\t\t\t\t\t\t<\/div>\n\t\t\t\t\t\t\t\t<div class=\"elementor-field-type-email elementor-field-group elementor-column elementor-field-group-email elementor-col-50 elementor-field-required\">\n\t\t\t\t\t\t\t\t\t\t\t\t<label for=\"form-field-email\" class=\"elementor-field-label elementor-screen-only\">\n\t\t\t\t\t\t\t\te-mail\t\t\t\t\t\t\t<\/label>\n\t\t\t\t\t\t\t\t\t\t\t\t\t\t<input size=\"1\" type=\"email\" name=\"form_fields[email]\" id=\"form-field-email\" class=\"elementor-field elementor-size-sm  elementor-field-textual\" placeholder=\"*E-mail\" required=\"required\">\n\t\t\t\t\t\t\t\t\t\t\t<\/div>\n\t\t\t\t\t\t\t\t<div class=\"elementor-field-type-tel elementor-field-group elementor-column elementor-field-group-field_adbdf86 elementor-col-50 elementor-field-required\">\n\t\t\t\t\t\t\t\t\t\t\t\t<label for=\"form-field-field_adbdf86\" class=\"elementor-field-label elementor-screen-only\">\n\t\t\t\t\t\t\t\t\u0111i\u1ec7n tho\u1ea1i\t\t\t\t\t\t\t<\/label>\n\t\t\t\t\t\t\t\t<input size=\"1\" type=\"tel\" name=\"form_fields[field_adbdf86]\" id=\"form-field-field_adbdf86\" class=\"elementor-field elementor-size-sm  elementor-field-textual\" placeholder=\"\u0110i\u1ec7n tho\u1ea1i \/ Zalo \/ Whatsapp\" required=\"required\" pattern=\"[0-9()#&amp;+*-=.]+\" title=\"Ch\u1ec9 ch\u1ea5p nh\u1eadn s\u1ed1 v\u00e0 k\u00fd t\u1ef1 \u0111i\u1ec7n tho\u1ea1i (#, -, *, v.v.).\">\n\n\t\t\t\t\t\t<\/div>\n\t\t\t\t\t\t\t\t<div class=\"elementor-field-type-select elementor-field-group elementor-column elementor-field-group-field_0c87807 elementor-col-50 elementor-field-required\">\n\t\t\t\t\t\t\t\t\t\t\t\t<label for=\"form-field-field_0c87807\" class=\"elementor-field-label elementor-screen-only\">\n\t\t\t\t\t\t\t\tV\u1ecb tr\u00ed hi\u1ec7n t\u1ea1i\t\t\t\t\t\t\t<\/label>\n\t\t\t\t\t\t\t\t<div class=\"elementor-field elementor-select-wrapper remove-before\">\n\t\t\t<div class=\"select-caret-down-wrapper\">\n\t\t\t\t<svg aria-hidden=\"true\" class=\"e-font-icon-svg e-eicon-caret-down\" viewbox=\"0 0 571.4 571.4\" xmlns=\"http:\/\/www.w3.org\/2000\/svg\"><path d=\"M571 393Q571 407 561 418L311 668Q300 679 286 679T261 668L11 418Q0 407 0 393T11 368 36 357H536Q550 357 561 368T571 393Z\"><\/path><\/svg>\t\t\t<\/div>\n\t\t\t<select name=\"form_fields[field_0c87807]\" id=\"form-field-field_0c87807\" class=\"elementor-field-textual elementor-size-sm\" required=\"required\">\n\t\t\t\t\t\t\t\t\t<option value=\"*Aktueller Aufenthaltsort\">*V\u1ecb tr\u00ed hi\u1ec7n t\u1ea1i<\/option>\n\t\t\t\t\t\t\t\t\t<option value=\"Deutschland\">\u0110\u1ee9c<\/option>\n\t\t\t\t\t\t\t\t\t<option value=\"EU\">Li\u00ean minh ch\u00e2u \u00c2u<\/option>\n\t\t\t\t\t\t\t\t\t<option value=\"Au\u00dferhalb der EU\">Ngo\u00e0i EU<\/option>\n\t\t\t\t\t\t\t<\/select>\n\t\t<\/div>\n\t\t\t\t\t\t<\/div>\n\t\t\t\t\t\t\t\t<div class=\"elementor-field-type-textarea elementor-field-group elementor-column elementor-field-group-message elementor-col-100\">\n\t\t\t\t\t\t\t\t\t\t\t\t<label for=\"form-field-message\" class=\"elementor-field-label elementor-screen-only\">\n\t\t\t\t\t\t\t\tTin t\u1ee9c\t\t\t\t\t\t\t<\/label>\n\t\t\t\t\t\t<textarea class=\"elementor-field-textual elementor-field  elementor-size-sm\" name=\"form_fields[message]\" id=\"form-field-message\" rows=\"4\" placeholder=\"\u1ee8ng d\u1ee5ng n\u00e0y d\u00e0nh cho \u01b0u \u0111\u00e3i n\u00e0o?\"><\/textarea>\t\t\t\t<\/div>\n\t\t\t\t\t\t\t\t<div class=\"elementor-field-type-upload elementor-field-group elementor-column elementor-field-group-field_b596dfe elementor-col-100 elementor-field-required\">\n\t\t\t\t\t\t\t\t\t\t\t\t<label for=\"form-field-field_b596dfe\" class=\"elementor-field-label elementor-screen-only\">\n\t\t\t\t\t\t\t\tGhi ch\u00fa\t\t\t\t\t\t\t<\/label>\n\t\t\t\t\t\t\t\t<input type=\"file\" name=\"form_fields[field_b596dfe][]\" id=\"form-field-field_b596dfe\" class=\"elementor-field elementor-size-sm  elementor-upload-field\" required=\"required\" multiple=\"multiple\" data-maxsize=\"10\" data-maxsize-message=\"This file exceeds the maximum allowed size.\">\n\n\t\t\t\t\t\t<\/div>\n\t\t\t\t\t\t\t\t<div class=\"elementor-field-type-acceptance elementor-field-group elementor-column elementor-field-group-field_b25d16a elementor-col-100 elementor-field-required\">\n\t\t\t\t\t\t\t\t\t\t\t\t<label for=\"form-field-field_b25d16a\" class=\"elementor-field-label elementor-screen-only\">\n\t\t\t\t\t\t\t\tB\u1ea3o v\u1ec7 d\u1eef li\u1ec7u\t\t\t\t\t\t\t<\/label>\n\t\t\t\t\t\t\t\t<div class=\"elementor-field-subgroup\">\n\t\t\t<span class=\"elementor-field-option\">\n\t\t\t\t<input type=\"checkbox\" name=\"form_fields[field_b25d16a]\" id=\"form-field-field_b25d16a\" class=\"elementor-field elementor-size-sm  elementor-acceptance-field\" required=\"required\">\n\t\t\t\t<label for=\"form-field-field_b25d16a\"><b><a href=\"https:\/\/roj-auf.de\/vi\/datenschutz\/\">*B\u1ea3o v\u1ec7 d\u1eef li\u1ec7u<\/a><\/b> <br>\nT\u00f4i \u0111\u1ed3ng \u00fd v\u1edbi vi\u1ec7c x\u1eed l\u00fd d\u1eef li\u1ec7u c\u00e1 nh\u00e2n c\u1ee7a t\u00f4i v\u00e0 \u0111\u01b0\u1ee3c li\u00ean h\u1ec7 qua \u0111i\u1ec7n tho\u1ea1i v\u00e0\/ho\u1eb7c email.<\/label>\t\t\t<\/span>\n\t\t<\/div>\n\t\t\t\t\t\t<\/div>\n\t\t\t\t\t\t\t\t<div class=\"elementor-field-group elementor-column elementor-field-type-submit elementor-col-100 e-form__buttons\">\n\t\t\t\t\t<button class=\"elementor-button elementor-size-sm\" type=\"submit\">\n\t\t\t\t\t\t<span class=\"elementor-button-content-wrapper\">\n\t\t\t\t\t\t\t\t\t\t\t\t\t\t\t\t\t\t\t\t\t\t<span class=\"elementor-button-text\">G\u1eedi<\/span>\n\t\t\t\t\t\t\t\t\t\t\t\t\t<\/span>\n\t\t\t\t\t<\/button>\n\t\t\t\t<\/div>\n\t\t\t<\/div>\n\t\t<label id=\"apbct_label_id_95374\" class=\"apbct_special_field\"><input\n                    class=\"apbct_special_field apbct__email_id__elementor_form\"\n                    name=\"apbct_email_id__elementor_form\"\n                    type=\"text\" size=\"30\" maxlength=\"200\" autocomplete=\"off\"\n                    value=\"\"\n                \/><\/label><input type=\"hidden\" name=\"trp-form-language\" value=\"vi\"\/><\/form>\n\t\t\t\t\t\t<\/div>\n\t\t\t\t<\/div>\n\t\t\t\t<div class=\"elementor-element elementor-element-75cceb2 elementor-widget elementor-widget-text-editor\" data-id=\"75cceb2\" data-element_type=\"widget\" data-widget_type=\"text-editor.default\">\n\t\t\t\t<div class=\"elementor-widget-container\">\n\t\t\t\t\t\t\t\t\t<p data-start=\"209\" data-end=\"271\">* C\u00e1c tr\u01b0\u1eddng b\u1eaft bu\u1ed9c<\/p>\t\t\t\t\t\t\t\t<\/div>\n\t\t\t\t<\/div>\n\t\t\t\t<\/div>\n\t\t\t\t<\/div>\n\t\t\t\t<\/div>\n\t\t\t\t\t<\/div>\n\t\t\t\t<\/div>\n\t\t\t\t<\/div>","protected":false},"excerpt":{"rendered":"<p>Schnell und unkompliziert Jetzt Karriere in Deutschland starten! Sende uns deine Bewerbung und wir helfen dir, den passenden Job in Deutschland zu finden. M\u00f6chtest du in Deutschland arbeiten und suchst nach einer passenden Stelle? F\u00fclle einfach das folgende Bewerbungsformular aus und lade deine Unterlagen hoch. Unser Team pr\u00fcft deine Bewerbung und setzt sich schnellstm\u00f6glich mit [&hellip;]<\/p>","protected":false},"author":2,"featured_media":0,"parent":0,"menu_order":0,"comment_status":"closed","ping_status":"closed","template":"","meta":{"footnotes":""},"class_list":["post-5915","page","type-page","status-publish","hentry"],"yoast_head":"<!-- This site is optimized with the Yoast SEO Premium plugin v25.6 (Yoast SEO v25.7) - https:\/\/yoast.com\/wordpress\/plugins\/seo\/ -->\n<title>Bewerbung senden - roj-auf.de<\/title>\n<meta name=\"robots\" content=\"index, nofollow, max-snippet:-1, max-image-preview:large, max-video-preview:-1\" \/>\n<link rel=\"canonical\" href=\"https:\/\/roj-auf.de\/vi\/bewerbung\/\" \/>\n<meta property=\"og:locale\" content=\"vi_VN\" \/>\n<meta property=\"og:type\" content=\"article\" \/>\n<meta property=\"og:title\" content=\"Bewerbung senden\" \/>\n<meta property=\"og:description\" content=\"Schnell und unkompliziert Jetzt Karriere in Deutschland starten! Sende uns deine Bewerbung und wir helfen dir, den passenden Job in Deutschland zu finden. M\u00f6chtest du in Deutschland arbeiten und suchst nach einer passenden Stelle? F\u00fclle einfach das folgende Bewerbungsformular aus und lade deine Unterlagen hoch. Unser Team pr\u00fcft deine Bewerbung und setzt sich schnellstm\u00f6glich mit [&hellip;]\" \/>\n<meta property=\"og:url\" content=\"https:\/\/roj-auf.de\/vi\/bewerbung\/\" \/>\n<meta property=\"og:site_name\" content=\"roj-auf.de\" \/>\n<meta property=\"article:publisher\" content=\"https:\/\/www.facebook.com\/RojAuf13\/\" \/>\n<meta property=\"article:modified_time\" content=\"2025-07-28T15:31:24+00:00\" \/>\n<meta name=\"twitter:card\" content=\"summary_large_image\" \/>\n<meta name=\"twitter:label1\" content=\"\u01af\u1edbc t\u00ednh th\u1eddi gian \u0111\u1ecdc\" \/>\n\t<meta name=\"twitter:data1\" content=\"1 ph\u00fat\" \/>\n<script type=\"application\/ld+json\" class=\"yoast-schema-graph\">{\"@context\":\"https:\/\/schema.org\",\"@graph\":[{\"@type\":\"WebPage\",\"@id\":\"https:\/\/roj-auf.de\/bewerbung\/\",\"url\":\"https:\/\/roj-auf.de\/bewerbung\/\",\"name\":\"Bewerbung senden - roj-auf.de\",\"isPartOf\":{\"@id\":\"https:\/\/roj-auf.de\/#website\"},\"datePublished\":\"2025-07-28T15:21:06+00:00\",\"dateModified\":\"2025-07-28T15:31:24+00:00\",\"breadcrumb\":{\"@id\":\"https:\/\/roj-auf.de\/bewerbung\/#breadcrumb\"},\"inLanguage\":\"vi\",\"potentialAction\":[{\"@type\":\"ReadAction\",\"target\":[\"https:\/\/roj-auf.de\/bewerbung\/\"]}]},{\"@type\":\"BreadcrumbList\",\"@id\":\"https:\/\/roj-auf.de\/bewerbung\/#breadcrumb\",\"itemListElement\":[{\"@type\":\"ListItem\",\"position\":1,\"name\":\"Startseite\",\"item\":\"https:\/\/roj-auf.de\/\"},{\"@type\":\"ListItem\",\"position\":2,\"name\":\"Bewerbung senden\"}]},{\"@type\":\"WebSite\",\"@id\":\"https:\/\/roj-auf.de\/#website\",\"url\":\"https:\/\/roj-auf.de\/\",\"name\":\"Roj Auf\",\"description\":\"Partner f\u00fcr internationale Fach- und Nachwuchskr\u00e4fte\",\"potentialAction\":[{\"@type\":\"SearchAction\",\"target\":{\"@type\":\"EntryPoint\",\"urlTemplate\":\"https:\/\/roj-auf.de\/?s={search_term_string}\"},\"query-input\":{\"@type\":\"PropertyValueSpecification\",\"valueRequired\":true,\"valueName\":\"search_term_string\"}}],\"inLanguage\":\"vi\"}]}<\/script>\n<!-- \/ Yoast SEO Premium plugin. -->","yoast_head_json":{"title":"Bewerbung senden - roj-auf.de","robots":{"index":"index","follow":"nofollow","max-snippet":"max-snippet:-1","max-image-preview":"max-image-preview:large","max-video-preview":"max-video-preview:-1"},"canonical":"https:\/\/roj-auf.de\/vi\/bewerbung\/","og_locale":"vi_VN","og_type":"article","og_title":"Bewerbung senden","og_description":"Schnell und unkompliziert Jetzt Karriere in Deutschland starten! Sende uns deine Bewerbung und wir helfen dir, den passenden Job in Deutschland zu finden. M\u00f6chtest du in Deutschland arbeiten und suchst nach einer passenden Stelle? F\u00fclle einfach das folgende Bewerbungsformular aus und lade deine Unterlagen hoch. Unser Team pr\u00fcft deine Bewerbung und setzt sich schnellstm\u00f6glich mit [&hellip;]","og_url":"https:\/\/roj-auf.de\/vi\/bewerbung\/","og_site_name":"roj-auf.de","article_publisher":"https:\/\/www.facebook.com\/RojAuf13\/","article_modified_time":"2025-07-28T15:31:24+00:00","twitter_card":"summary_large_image","twitter_misc":{"\u01af\u1edbc t\u00ednh th\u1eddi gian \u0111\u1ecdc":"1 ph\u00fat"},"schema":{"@context":"https:\/\/schema.org","@graph":[{"@type":"WebPage","@id":"https:\/\/roj-auf.de\/bewerbung\/","url":"https:\/\/roj-auf.de\/bewerbung\/","name":"Bewerbung senden - roj-auf.de","isPartOf":{"@id":"https:\/\/roj-auf.de\/#website"},"datePublished":"2025-07-28T15:21:06+00:00","dateModified":"2025-07-28T15:31:24+00:00","breadcrumb":{"@id":"https:\/\/roj-auf.de\/bewerbung\/#breadcrumb"},"inLanguage":"vi","potentialAction":[{"@type":"ReadAction","target":["https:\/\/roj-auf.de\/bewerbung\/"]}]},{"@type":"BreadcrumbList","@id":"https:\/\/roj-auf.de\/bewerbung\/#breadcrumb","itemListElement":[{"@type":"ListItem","position":1,"name":"Startseite","item":"https:\/\/roj-auf.de\/"},{"@type":"ListItem","position":2,"name":"Bewerbung senden"}]},{"@type":"WebSite","@id":"https:\/\/roj-auf.de\/#website","url":"https:\/\/roj-auf.de\/","name":"Roj Auf","description":"\u0110\u1ed1i t\u00e1c cho c\u00e1c chuy\u00ean gia qu\u1ed1c t\u1ebf v\u00e0 chuy\u00ean gia tr\u1ebb","potentialAction":[{"@type":"SearchAction","target":{"@type":"EntryPoint","urlTemplate":"https:\/\/roj-auf.de\/?s={search_term_string}"},"query-input":{"@type":"PropertyValueSpecification","valueRequired":true,"valueName":"search_term_string"}}],"inLanguage":"vi"}]}},"_links":{"self":[{"href":"https:\/\/roj-auf.de\/vi\/wp-json\/wp\/v2\/pages\/5915","targetHints":{"allow":["GET"]}}],"collection":[{"href":"https:\/\/roj-auf.de\/vi\/wp-json\/wp\/v2\/pages"}],"about":[{"href":"https:\/\/roj-auf.de\/vi\/wp-json\/wp\/v2\/types\/page"}],"author":[{"embeddable":true,"href":"https:\/\/roj-auf.de\/vi\/wp-json\/wp\/v2\/users\/2"}],"replies":[{"embeddable":true,"href":"https:\/\/roj-auf.de\/vi\/wp-json\/wp\/v2\/comments?post=5915"}],"version-history":[{"count":15,"href":"https:\/\/roj-auf.de\/vi\/wp-json\/wp\/v2\/pages\/5915\/revisions"}],"predecessor-version":[{"id":5930,"href":"https:\/\/roj-auf.de\/vi\/wp-json\/wp\/v2\/pages\/5915\/revisions\/5930"}],"wp:attachment":[{"href":"https:\/\/roj-auf.de\/vi\/wp-json\/wp\/v2\/media?parent=5915"}],"curies":[{"name":"wp","href":"https:\/\/api.w.org\/{rel}","templated":true}]}}